{"id":157,"date":"2024-02-27T13:54:24","date_gmt":"2024-02-27T13:54:24","guid":{"rendered":"https:\/\/apustrust.com\/web-qa\/?page_id=157"},"modified":"2024-03-04T12:40:08","modified_gmt":"2024-03-04T12:40:08","slug":"carreiras","status":"publish","type":"page","link":"https:\/\/apustrust.com\/web-qa\/carreiras\/","title":{"rendered":"Carreiras"},"content":{"rendered":"\n\n\n\n\n\n\n\n\n<h4>Que benef\u00edcios terei ao juntar-me \u00e0 Apus Trust?<\/h4>\n\n<p style=\"text-align: justify\">As pessoas s\u00e3o o ativo mais importante da ApusTrust, o seu bem-estar \u00e9 fundamental para o bom ambiente e sucesso profissional. Somos uma startup din\u00e2mica, inovadora e digital. Estamos na vanguarda da prote\u00e7\u00e3o das organiza\u00e7\u00f5es contra as crescentes amea\u00e7as cibern\u00e9ticas, bem como apoiar na conformidade com normas, legisla\u00e7\u00e3o e regulamenta\u00e7\u00e3o conexa.<\/p><p> <br>\nOferecemos-lhe: <br>\n<\/p><ul>\n<li> Um ambiente de trabalho desafiante e estimulante <\/li>\n<li> Oportunidade de crescimento e desenvolvimento profissional <\/li>\n<li> Um pacote de benef\u00edcios competitivo<\/li><li>Preocupa\u00e7\u00e3o ambiental e de responsabilidade social<\/li><\/ul>\n\n\n<h4>Candidatura Espont\u00e2nea<\/h4>\n\n<p>Se \u00e9 um profissional talentoso, autodidata e motivado que procura fazer a diferen\u00e7a,\ntome iniciativa, envie-nos o seu CV e junte-se a n\u00f3s!<\/p>\n\n\n\n\n\n\n\n\n\n\n\n","protected":false},"excerpt":{"rendered":"","protected":false},"author":2,"featured_media":0,"parent":0,"menu_order":0,"comment_status":"closed","ping_status":"closed","template":"","meta":{"pagelayer_contact_templates":{"pvv9721":{"cont_subject":"Candidatura Espont\u00e2nea: $nome | $proposito | $disponibilidade","cont_use_html":"true"}},"_pagelayer_content":"","footnotes":""},"class_list":["post-157","page","type-page","status-publish","hentry"],"_links":{"self":[{"href":"https:\/\/apustrust.com\/web-qa\/wp-json\/wp\/v2\/pages\/157","targetHints":{"allow":["GET"]}}],"collection":[{"href":"https:\/\/apustrust.com\/web-qa\/wp-json\/wp\/v2\/pages"}],"about":[{"href":"https:\/\/apustrust.com\/web-qa\/wp-json\/wp\/v2\/types\/page"}],"author":[{"embeddable":true,"href":"https:\/\/apustrust.com\/web-qa\/wp-json\/wp\/v2\/users\/2"}],"replies":[{"embeddable":true,"href":"https:\/\/apustrust.com\/web-qa\/wp-json\/wp\/v2\/comments?post=157"}],"version-history":[{"count":11,"href":"https:\/\/apustrust.com\/web-qa\/wp-json\/wp\/v2\/pages\/157\/revisions"}],"predecessor-version":[{"id":397,"href":"https:\/\/apustrust.com\/web-qa\/wp-json\/wp\/v2\/pages\/157\/revisions\/397"}],"wp:attachment":[{"href":"https:\/\/apustrust.com\/web-qa\/wp-json\/wp\/v2\/media?parent=157"}],"curies":[{"name":"wp","href":"https:\/\/api.w.org\/{rel}","templated":true}]}}