{"id":22,"date":"2024-02-28T15:26:51","date_gmt":"2024-02-28T15:26:51","guid":{"rendered":"https:\/\/apustrust.com\/web-qa\/home\/"},"modified":"2026-03-11T16:01:44","modified_gmt":"2026-03-11T16:01:44","slug":"home","status":"publish","type":"page","link":"https:\/\/apustrust.com\/web-qa\/","title":{"rendered":"In\u00edcio"},"content":{"rendered":"\n\n\n\n\n\n\n\n<p>Lorem Ipsum has been the industry\\&#8217;s standard dummy text ever since the 1500s.<\/p>\n\n\n\n\n<h3>Sobre a ApusTrust<\/h3>\n\n\n\n<p>\u201cSecurity First\u201d \u00e9 o nosso lema! A ApusTrust presta servi\u00e7os especializados de proximidade com a gest\u00e3o de topo das organiza\u00e7\u00f5es, para a avalia\u00e7\u00e3o e mitiga\u00e7\u00e3o de riscos, consciencializa\u00e7\u00e3o dos utilizadores, apoio na implementa\u00e7\u00e3o de medidas de controlo e garantia de conformidade nas \u00e1reas da seguran\u00e7a da informa\u00e7\u00e3o e prote\u00e7\u00e3o de dados pessoais.<br><\/p>\n\n\n\n\n\n\n<h3>O<span style=\"color:#000000\">bjetivos Estrat\u00e9gicos<\/span><\/h3>\n\n\n\n<p>Ser refer\u00eancia nacional nas \u00e1reas de conformidade com a seguran\u00e7a da informa\u00e7\u00e3o e prote\u00e7\u00e3o de dados pessoais.<br><br>Criar um servi\u00e7o \u00fanico especializado de proximidade com a gest\u00e3o de topo das empresas nas \u00e1reas da ciberseguran\u00e7a e prote\u00e7\u00e3o de dados.<br><br>Dotar e formar a equipa com as melhores ferramentas e certifica\u00e7\u00f5es internacionais para um servi\u00e7o de excel\u00eancia de alto valor acrescentado.<br><br>Captar e manter talentos , com satisfa\u00e7\u00e3o profissional e preservando o bem estar e qualidade de vida da equipa.<br><\/p>\n\n\n\n\n<p>Lorem Ipsum has been the industry\\&#8217;s standard dummy text ever since the 1500s.<\/p>\n\n\n\n\n\n\n<h3>\u00c1reas de Compet\u00eancia e Servi\u00e7os Especializados<\/h3>\n\n\n\n<p>Na ApusTrust investimos no conhecimento e experi\u00eancia dos nossos profissionais como principal ferramenta para uma presta\u00e7\u00e3o de servi\u00e7os de qualidade aos nossos clientes.<br><br>Orgulhamo-nos das parcerias que desenvolvemos com os nossos clientes, associa\u00e7\u00f5es de profissionais e organiza\u00e7\u00f5es de refer\u00eancia no setor. Juntos, criamos valor e somos mais completos!<br><\/p>\n\n\n\n\n\n<br>\n\n\n<br>\n\n\n<br>\n\n\n\n\n<br>\n\n\n<br>\n\n\n<br>\n\n\n\n\n\n\n\n\n\n\n\n\n\n\n\n\n\n\n\n\n\n\n\n\n<h3> Publica\u00e7\u00f5es e Media <\/h3>\n\n\n\n\n\n\n\n\n\n\n\n\n\n\n\n\n\n\n","protected":false},"excerpt":{"rendered":"","protected":false},"author":0,"featured_media":0,"parent":0,"menu_order":0,"comment_status":"closed","ping_status":"closed","template":"","meta":{"pagelayer_contact_templates":[],"_pagelayer_content":"","footnotes":""},"class_list":["post-22","page","type-page","status-publish","hentry"],"_links":{"self":[{"href":"https:\/\/apustrust.com\/web-qa\/wp-json\/wp\/v2\/pages\/22","targetHints":{"allow":["GET"]}}],"collection":[{"href":"https:\/\/apustrust.com\/web-qa\/wp-json\/wp\/v2\/pages"}],"about":[{"href":"https:\/\/apustrust.com\/web-qa\/wp-json\/wp\/v2\/types\/page"}],"replies":[{"embeddable":true,"href":"https:\/\/apustrust.com\/web-qa\/wp-json\/wp\/v2\/comments?post=22"}],"version-history":[{"count":64,"href":"https:\/\/apustrust.com\/web-qa\/wp-json\/wp\/v2\/pages\/22\/revisions"}],"predecessor-version":[{"id":960,"href":"https:\/\/apustrust.com\/web-qa\/wp-json\/wp\/v2\/pages\/22\/revisions\/960"}],"wp:attachment":[{"href":"https:\/\/apustrust.com\/web-qa\/wp-json\/wp\/v2\/media?parent=22"}],"curies":[{"name":"wp","href":"https:\/\/api.w.org\/{rel}","templated":true}]}}