{"id":25,"date":"2024-02-22T15:03:41","date_gmt":"2024-02-22T15:03:41","guid":{"rendered":"https:\/\/apustrust.com\/web-qa\/service\/"},"modified":"2026-03-11T18:27:13","modified_gmt":"2026-03-11T18:27:13","slug":"services","status":"publish","type":"page","link":"https:\/\/apustrust.com\/web-qa\/services\/","title":{"rendered":"Servi\u00e7os"},"content":{"rendered":"\n\n\n\n<h2>\u00c1reas de Compet\u00eancia e Servi\u00e7os Especializados<\/h2>\n\n\n\n<p>Na ApusTrust investimos no conhecimento e experi\u00eancia dos nossos profissionais como principal ferramenta para uma presta\u00e7\u00e3o de servi\u00e7os de qualidade aos nossos clientes.<br><br>Orgulhamo-nos das parcerias que desenvolvemos com os nossos clientes, associa\u00e7\u00f5es de profissionais e organiza\u00e7\u00f5es de refer\u00eancia no setor. Juntos, criamos valor e somos mais completos!<br><\/p>\n\n\n\n\n\n\n\n\n\n\n\n\n<h4>Auditoria (ISO27001, RGPD, QNRCS)<\/h4>\n\n\n<p><span style=\"font-size: revert;text-align: justify\">Avalia\u00e7\u00e3o de conformidade com as normas de seguran\u00e7a da informa\u00e7\u00e3o e prote\u00e7\u00e3o de dados e<\/span><\/p><p>recomenda\u00e7\u00f5es de medidas t\u00e9cnicas e organizativas para a conformidade<span style=\"font-size: revert;text-align: justify\">:<\/span><\/p><p style=\"text-align: justify\"><\/p><ul><li><span style=\"font-size: revert;text-indent: 50px\">ISO 27001 \/ ISO 27701<\/span><\/li><li>Regulamento Geral de Prote\u00e7\u00e3o de Dados (RGPD)<\/li><li><span style=\"font-size: revert;text-align: justify;text-indent: 10px\">Quadro Nacional de Refer\u00eancia para a Ciberseguran\u00e7a (QNRCS)<\/span><\/li><\/ul>\n\n\n<p>Lorem Ipsum has been the industry\\&#8217;s standard dummy text ever since the 1500s.<\/p>\n\n\n\n\n\n\n\n\n\n\n\n\n\n\n\n<h4> Governance, Risk and Compliance (GRC)<\/h4>\n\n\n<p style=\"text-align: justify\"><span style=\"text-align: center\">Apoio na implementa\u00e7\u00e3o de modelos de comunica\u00e7\u00e3o e governo (incluindo pol\u00edticas, procedimentos e instru\u00e7\u00f5es t\u00e9cnicas) e gest\u00e3o de riscos de conformidade (em \u00e1reas como a ciberseguran\u00e7a, prote\u00e7\u00e3o de dados, a intelig\u00eancia artificial e a gest\u00e3o dos dados).<\/span><br><br>Apoio na conformidade com normas de refer\u00eancia nas \u00e1reas da ciberseguran\u00e7a e prote\u00e7\u00e3o de dados: ISO 27001, ISO 27701 e legisla\u00e7\u00e3o europeia e nacional conexa:<br> <\/p><ul><li>Regulamento Geral de Prote\u00e7\u00e3o de Dados (RGPD) e Lei de Execu\u00e7\u00e3o Lei 58\/2019<\/li><\/ul><ul><li>Regime Jur\u00eddico de Seguran\u00e7a do Ciberespa\u00e7o [RJSC &#8211; Lei n.\u00ba 46\/2018 e DL 65\/2021]<\/li><\/ul><ul><li>Regime Geral de Prote\u00e7\u00e3o de Denunciantes de Infra\u00e7\u00f5es [DL 93\/2021], que transp\u00f5e a Diretiva (UE) 2019\/1937, relativa \u00e0 prote\u00e7\u00e3o das pessoas que denunciam viola\u00e7\u00f5es do direito da Uni\u00e3o.<\/li> <li> Regulamento de Governa\u00e7\u00e3o de Dados [2020\/0340] <\/li> <li> Diretiva Europeia NIS2 [EU 2022\/2555] \u2013 Evolu\u00e7\u00e3o da NIS com medidas destinadas a garantir um elevado n\u00edvel comum de ciberseguran\u00e7a em toda a Uni\u00e3o.<\/li><\/ul><ul><li>Regulamento para a Intelig\u00eancia Artificial [Diretiva EU 2022\/2555] [aguarda Transposi\u00e7\u00e3o para Legisla\u00e7\u00e3o dos Estados Membros at\u00e9 Outubro 2024]<\/li> <li> Proposta de Regulamento (IA Act) que estabelece regras harmonizadas em mat\u00e9ria de Intelig\u00eancia Artificial  Regulamento de Dados \u2013 Data Act [2022\/0017] [entra em aplica\u00e7\u00e3o em Setembro de 2025]<\/li> <li>Regulamento relativo a regras harmonizadas sobre o acesso equitativo aos dados e a sua utiliza\u00e7\u00e3o [desde 11.01.2024 com entrada em vigor em Setembro de 2025]<\/li><\/ul>\n\n\n\n\n\n\n\n<p>Lorem Ipsum has been the industry\\&#8217;s standard dummy text ever since the 1500s.<\/p>\n\n\n\n\n\n\n\n\n\n\n\n\n\n\n\n\n<h4>Human Firewall<\/h4>\n\n\n\n<p>Human Firewall \u00e9 um servi\u00e7o especializado para criar uma cultura de ciberseguran\u00e7a e prote\u00e7\u00e3o de dados nas organiza\u00e7\u00f5es. <br><br>\u00c9 implementado um programa personalizado \u00e0 realidade de cada organiza\u00e7\u00e3o que usa t\u00e9cnicas de comunica\u00e7\u00e3o e aprendizagem ativa \/ gamming, Pen-Testing, alerta e reporte a incidentes e indicadores e recompensas.<br><\/p>\n\n\n\n<p>Lorem Ipsum has been the industry\\&#8217;s standard dummy text ever since the 1500s.<\/p>\n\n\n\n\n\n\n\n\n\n\n\n\n\n\n\n<h4>CISO, DPO Externo<\/h4>\n\n\n\n<p>Presta\u00e7\u00e3o de servi\u00e7os especializados de Encarregado de Prote\u00e7\u00e3o de Dados, Chief Information Security Officer (CISO), incluindo as responsabilidades de reporte \u00e0s autoridades competentes e intervenientes, bem como assessoria nestas mat\u00e9rias \u00e0s equipas internas dos nossos clientes.<\/p>\n\n\n\n<p>Lorem Ipsum has been the industry\\&#8217;s standard dummy text ever since the 1500s.<\/p>\n\n\n\n\n\n\n\n\n\n\n\n\n\n\n\n<h4>Apoio Especializado<\/h4>\n\n\n\n<p>Forma\u00e7\u00e3o e consciencializa\u00e7\u00e3o de utilizadores.<\/p><p>Emiss\u00e3o de pareceres t\u00e9cnicos e de conformidade em mat\u00e9rias de seguran\u00e7a da informa\u00e7\u00e3o, prote\u00e7\u00e3o de dados e intelig\u00eancia artificial.<\/p><p>Apoio na realiza\u00e7\u00e3o de Avalia\u00e7\u00f5es de Impacto e Avalia\u00e7\u00f5es de Interesse Leg\u00edtimo para a Prote\u00e7\u00e3o de Dados.<\/p>\n\n\n\n<p>Lorem Ipsum has been the industry\\&#8217;s standard dummy text ever since the 1500s.<\/p>\n\n\n\n\n\n\n\n\n\n\n\n\n\n\n\n<h4>Investiga\u00e7\u00e3o &amp; Desenvolvimento (I&amp;D)<\/h4>\n\n\n\n<p>An\u00e1lise e especifica\u00e7\u00e3o de requisitos t\u00e9cnicos, de seguran\u00e7a da informa\u00e7\u00e3o, prote\u00e7\u00e3o de dados e conformidade com normas e legisla\u00e7\u00e3o nacional e europeia. <\/p>\n\n\n<p> Apoio especializado \u00e0s equipas t\u00e9cnicas e testes \/ valida\u00e7\u00e3o \/ auditoria de solu\u00e7\u00f5es tecnol\u00f3gicas.<\/p>\n\n\n\n<p>Lorem Ipsum has been the industry\\&#8217;s standard dummy text ever since the 1500s.<\/p>\n\n\n\n\n\n\n\n\n\n\n<h4>Preven\u00e7\u00e3o de Corrup\u00e7\u00e3o e Infra\u00e7\u00f5es Conexas<\/h4>\n\n<p>Apoio ao Respons\u00e1vel pelo Cumprimento Normativo, ao Respons\u00e1vel pela Execu\u00e7\u00e3o do Plano de Preven\u00e7\u00e3o de Riscos e ao Respons\u00e1vel pelo Tratamento de Den\u00fancias.<\/p>\n<p> Apoio na elabora\u00e7\u00e3o e atualiza\u00e7\u00e3o de pol\u00edticas e c\u00f3digos de conduta que orientem os colaboradores e dirigentes sobre boas pr\u00e1ticas de preven\u00e7\u00e3o da corrup\u00e7\u00e3o.<\/p>\n<p>apoio na implementa\u00e7\u00e3o da conformidade com o RGPC<\/p>\n<p>Minimiza\u00e7\u00e3o dos riscos de corrup\u00e7\u00e3o<\/p>\n<p>Defini\u00e7\u00e3o dos procedimentos de controlo interno e monitoriza\u00e7\u00e3o cont\u00ednua<\/p>\n<p>Realiza\u00e7\u00e3o de auditorias internas de conformidade com o RGPC<\/p>\n<p>Recomenda\u00e7\u00e3o de medidas t\u00e9cnicas e organizativas para a conformidade com o RGPC<\/p>\n<p>Apoio no registo no MENAC e apoio na conformidade<\/p>\n\n\n<p>Lorem Ipsum has been the industry\\&#8217;s standard dummy text ever since the 1500s.<\/p>\n\n\n","protected":false},"excerpt":{"rendered":"","protected":false},"author":0,"featured_media":0,"parent":0,"menu_order":0,"comment_status":"closed","ping_status":"closed","template":"","meta":{"pagelayer_contact_templates":[],"_pagelayer_content":"","footnotes":""},"class_list":["post-25","page","type-page","status-publish","hentry"],"_links":{"self":[{"href":"https:\/\/apustrust.com\/web-qa\/wp-json\/wp\/v2\/pages\/25","targetHints":{"allow":["GET"]}}],"collection":[{"href":"https:\/\/apustrust.com\/web-qa\/wp-json\/wp\/v2\/pages"}],"about":[{"href":"https:\/\/apustrust.com\/web-qa\/wp-json\/wp\/v2\/types\/page"}],"replies":[{"embeddable":true,"href":"https:\/\/apustrust.com\/web-qa\/wp-json\/wp\/v2\/comments?post=25"}],"version-history":[{"count":29,"href":"https:\/\/apustrust.com\/web-qa\/wp-json\/wp\/v2\/pages\/25\/revisions"}],"predecessor-version":[{"id":963,"href":"https:\/\/apustrust.com\/web-qa\/wp-json\/wp\/v2\/pages\/25\/revisions\/963"}],"wp:attachment":[{"href":"https:\/\/apustrust.com\/web-qa\/wp-json\/wp\/v2\/media?parent=25"}],"curies":[{"name":"wp","href":"https:\/\/api.w.org\/{rel}","templated":true}]}}